{"id":6559,"date":"2025-08-28T14:25:21","date_gmt":"2025-08-28T14:25:21","guid":{"rendered":"https:\/\/sanni-foundation.com\/?page_id=6559"},"modified":"2026-04-01T09:05:48","modified_gmt":"2026-04-01T09:05:48","slug":"press","status":"publish","type":"page","link":"https:\/\/sanni-foundation.com\/en\/current-events\/press\/","title":{"rendered":"Press"},"content":{"rendered":"<p><div class=\"fusion-fullwidth fullwidth-box fusion-builder-row-1 fusion-flex-container has-pattern-background has-mask-background nonhundred-percent-fullwidth non-hundred-percent-height-scrolling\" style=\"--awb-border-radius-top-left:0px;--awb-border-radius-top-right:0px;--awb-border-radius-bottom-right:0px;--awb-border-radius-bottom-left:0px;--awb-padding-bottom:40px;--awb-flex-wrap:wrap;\" ><div class=\"fusion-builder-row fusion-row fusion-flex-align-items-flex-start fusion-flex-content-wrap\" style=\"max-width:calc( 1500px + 40px );margin-left: calc(-40px \/ 2 );margin-right: calc(-40px \/ 2 );\"><div class=\"fusion-layout-column fusion_builder_column fusion-builder-column-0 fusion_builder_column_1_1 1_1 fusion-flex-column\" style=\"--awb-bg-size:cover;--awb-width-large:100%;--awb-margin-top-large:0px;--awb-spacing-right-large:20px;--awb-margin-bottom-large:20px;--awb-spacing-left-large:20px;--awb-width-medium:100%;--awb-order-medium:0;--awb-spacing-right-medium:20px;--awb-spacing-left-medium:20px;--awb-width-small:100%;--awb-order-small:0;--awb-spacing-right-small:20px;--awb-spacing-left-small:20px;\"><div class=\"fusion-column-wrapper fusion-column-has-shadow fusion-flex-justify-content-flex-start fusion-content-layout-column\"><ul style=\"--awb-size:20px;--awb-iconcolor:var(--awb-color5);--awb-textcolor:var(--awb-color7);--awb-line-height:34px;--awb-icon-width:34px;--awb-icon-height:34px;--awb-icon-margin:14px;--awb-content-margin:48px;\" class=\"fusion-checklist fusion-checklist-1 fusion-checklist-default type-icons\"><li class=\"fusion-li-item\" style=\"\"><span class=\"icon-wrapper circle-no\"><i class=\"fusion-li-icon fa-angle-right fas\" aria-hidden=\"true\"><\/i><\/span><div class=\"fusion-li-item-content\">\n<p><a href=\"https:\/\/open.spotify.com\/episode\/6xecuUaPf7u7CxbcL9nshe\" target=\"_blank\" rel=\"noopener noreferrer\">Empowering Lives through the SANNI Foundation \u2013 The Brand Called You<\/a><\/p>\n<\/div><\/li><li class=\"fusion-li-item\" style=\"\"><span class=\"icon-wrapper circle-no\"><i class=\"fusion-li-icon fa-angle-right fas\" aria-hidden=\"true\"><\/i><\/span><div class=\"fusion-li-item-content\">\n<p><a href=\"https:\/\/www.bunte.de\/moments\/galerie\/sanni-foundation-charity-fashion-event-e4ecb1ab-5281-45b6-8228-27392fc23b59\" target=\"_blank\" rel=\"noopener noreferrer\">SANNI FOUNDATION CHARITY FASHION EVENT \u2013 Medienmitteilung Bunte<\/a><\/p>\n<\/div><\/li><li class=\"fusion-li-item\" style=\"\"><span class=\"icon-wrapper circle-no\"><i class=\"fusion-li-icon fa-angle-right fas\" aria-hidden=\"true\"><\/i><\/span><div class=\"fusion-li-item-content\">\n<p><a href=\"https:\/\/events24.ch\/2024\/08\/14\/sanni-run-2024-am-greifensee-laufen-fuer-den-guten-zweck\/\" target=\"_blank\" rel=\"noopener noreferrer\">SANNI Run 2024 am Greifensee: Laufen f\u00fcr den guten Zweck \u2013 Medienmitteilung belmedia<\/a><\/p>\n<\/div><\/li><\/ul><\/div><\/div><\/div><\/div><div class=\"fusion-fullwidth fullwidth-box fusion-builder-row-2 fusion-flex-container has-pattern-background has-mask-background nonhundred-percent-fullwidth non-hundred-percent-height-scrolling\" style=\"--awb-border-radius-top-left:0px;--awb-border-radius-top-right:0px;--awb-border-radius-bottom-right:0px;--awb-border-radius-bottom-left:0px;--awb-padding-top:80px;--awb-padding-bottom:60px;--awb-padding-top-medium:60px;--awb-padding-bottom-medium:40px;--awb-background-color:var(--awb-color3);--awb-background-color-medium:var(--awb-color3);--awb-flex-wrap:wrap;\" ><div class=\"fusion-builder-row fusion-row fusion-flex-align-items-flex-start fusion-flex-content-wrap\" style=\"max-width:calc( 1500px + 40px );margin-left: calc(-40px \/ 2 );margin-right: calc(-40px \/ 2 );\"><div class=\"fusion-layout-column fusion_builder_column fusion-builder-column-1 fusion_builder_column_1_2 1_2 fusion-flex-column\" style=\"--awb-bg-size:cover;--awb-width-large:50%;--awb-margin-top-large:0px;--awb-spacing-right-large:20px;--awb-margin-bottom-large:20px;--awb-spacing-left-large:20px;--awb-width-medium:50%;--awb-order-medium:0;--awb-spacing-right-medium:20px;--awb-spacing-left-medium:20px;--awb-width-small:100%;--awb-order-small:0;--awb-spacing-right-small:20px;--awb-spacing-left-small:20px;\"><div class=\"fusion-column-wrapper fusion-column-has-shadow fusion-flex-justify-content-flex-start fusion-content-layout-column\"><ul style=\"--awb-size:20px;--awb-iconcolor:var(--awb-color5);--awb-line-height:34px;--awb-icon-width:34px;--awb-icon-height:34px;--awb-icon-margin:14px;--awb-content-margin:48px;\" class=\"fusion-checklist fusion-checklist-2 fusion-checklist-default type-icons\"><li class=\"fusion-li-item\" style=\"\"><span class=\"icon-wrapper circle-no\"><i class=\"fusion-li-icon fa-file-pdf fas\" aria-hidden=\"true\"><\/i><\/span><div class=\"fusion-li-item-content\">\n<p><a href=\"https:\/\/sanni-foundation.com\/wp-content\/uploads\/2026\/04\/Dossier-Fondazioni-Susanne-Schroff.pdf\" target=\"_blank\" rel=\"noopener\">Ticino Welcome &#8211; Interview Susanne Schroff 2026<\/a><\/p>\n<\/div><\/li><li class=\"fusion-li-item\" style=\"\"><span class=\"icon-wrapper circle-no\"><i class=\"fusion-li-icon fa-file-pdf fas\" aria-hidden=\"true\"><\/i><\/span><div class=\"fusion-li-item-content\">\n<p><a href=\"https:\/\/sanni-foundation.com\/wp-content\/uploads\/2025\/09\/wib_01_25_susanne_schroff.pdf\" target=\"_blank\" rel=\"noopener noreferrer\">Women in Business \u2013 Interview Susanne Schroff M\u00e4rz 2025<\/a><\/p>\n<\/div><\/li><li class=\"fusion-li-item\" style=\"\"><span class=\"icon-wrapper circle-no\"><i class=\"fusion-li-icon fa-file-pdf fas\" aria-hidden=\"true\"><\/i><\/span><div class=\"fusion-li-item-content\">\n<p><a href=\"https:\/\/sanni-foundation.com\/wp-content\/uploads\/2025\/09\/pkz_inside_sanni.pdf\" target=\"_blank\" rel=\"noopener noreferrer\">INSIDE Magazine PKZ M\u00e4rz 2025<\/a><\/p>\n<\/div><\/li><li class=\"fusion-li-item\" style=\"\"><span class=\"icon-wrapper circle-no\"><i class=\"fusion-li-icon fa-file-pdf fas\" aria-hidden=\"true\"><\/i><\/span><div class=\"fusion-li-item-content\">\n<p><a href=\"https:\/\/sanni-foundation.com\/wp-content\/uploads\/2025\/09\/wib_top100_seite28_ss.pdf\" target=\"_blank\" rel=\"noopener noreferrer\">Women in Business \u2013 Top100 2024<\/a><\/p>\n<\/div><\/li><li class=\"fusion-li-item\" style=\"\"><span class=\"icon-wrapper circle-no\"><i class=\"fusion-li-icon fa-file-pdf fas\" aria-hidden=\"true\"><\/i><\/span><div class=\"fusion-li-item-content\">\n<p><a href=\"https:\/\/sanni-foundation.com\/wp-content\/uploads\/2025\/09\/si_20240322_064.pdf\" target=\"_blank\" rel=\"noopener noreferrer\">F\u00fcr einen guten Zweck \u2013 Style Schweizer Illustrierte<\/a><\/p>\n<\/div><\/li><li class=\"fusion-li-item\" style=\"\"><span class=\"icon-wrapper circle-no\"><i class=\"fusion-li-icon fa-file-pdf fas\" aria-hidden=\"true\"><\/i><\/span><div class=\"fusion-li-item-content\">\n<p><a href=\"https:\/\/sanni-foundation.com\/wp-content\/uploads\/2025\/09\/presseartikel-kreisbote-hochalm-1.pdf\" target=\"_blank\" rel=\"noopener noreferrer\">Eine Veranstaltung, die Herzen \u00f6ffnet \u2013 Kreisbote Hochalm<\/a><\/p>\n<\/div><\/li><li class=\"fusion-li-item\" style=\"\"><span class=\"icon-wrapper circle-no\"><i class=\"fusion-li-icon fa-file-pdf fas\" aria-hidden=\"true\"><\/i><\/span><div class=\"fusion-li-item-content\">\n<p><a href=\"https:\/\/sanni-foundation.com\/wp-content\/uploads\/2025\/09\/eine-unternehmerin-hilft-kindern.pdf\" target=\"_blank\" rel=\"noopener noreferrer\">Eine Unternehmerin hilft Kindern<\/a><\/p>\n<\/div><\/li><li class=\"fusion-li-item\" style=\"\"><span class=\"icon-wrapper circle-no\"><i class=\"fusion-li-icon fa-file-pdf fas\" aria-hidden=\"true\"><\/i><\/span><div class=\"fusion-li-item-content\">\n<p><a href=\"https:\/\/sanni-foundation.com\/wp-content\/uploads\/2025\/09\/seiten-aus-rotary-magazin_juni-2018-2.pdf\" target=\"_blank\" rel=\"noopener noreferrer\">\u201eFricktaler Rotarier erm\u00f6glichen Kinderheim in Burma\u201c \u2013 Rotary Magazin<\/a><\/p>\n<\/div><\/li><li class=\"fusion-li-item\" style=\"\"><span class=\"icon-wrapper circle-no\"><i class=\"fusion-li-icon fa-file-pdf fas\" aria-hidden=\"true\"><\/i><\/span><div class=\"fusion-li-item-content\">\n<p><a href=\"https:\/\/sanni-foundation.com\/wp-content\/uploads\/2025\/09\/15_26.04.2018.pdf\" target=\"_blank\" rel=\"noopener noreferrer\">\u201eFricktaler Rotarier erm\u00f6glichen Kinderheim in Burma\u201c \u2013 Neue Fricktaler Zeitung<\/a><\/p>\n<\/div><\/li><li class=\"fusion-li-item\" style=\"\"><span class=\"icon-wrapper circle-no\"><i class=\"fusion-li-icon fa-file-pdf fas\" aria-hidden=\"true\"><\/i><\/span><div class=\"fusion-li-item-content\">\n<p><a href=\"https:\/\/sanni-foundation.com\/wp-content\/uploads\/2025\/09\/interview_susanneschroff_enisopartners.pdf\" target=\"_blank\" rel=\"noopener noreferrer\">Interview mit Susanne Schroff \u2013 Eniso Partners AG Oktober 2017<\/a><\/p>\n<\/div><\/li><li class=\"fusion-li-item\" style=\"\"><span class=\"icon-wrapper circle-no\"><i class=\"fusion-li-icon fa-file-pdf fas\" aria-hidden=\"true\"><\/i><\/span><div class=\"fusion-li-item-content\">\n<p><a href=\"https:\/\/sanni-foundation.com\/wp-content\/uploads\/2025\/09\/magazin_seesicht_2_2017.pdf\" target=\"_blank\" rel=\"noopener noreferrer\">Magazin Seesicht 2\/2017<\/a><\/p>\n<\/div><\/li><li class=\"fusion-li-item\" style=\"\"><span class=\"icon-wrapper circle-no\"><i class=\"fusion-li-icon fa-file-pdf fas\" aria-hidden=\"true\"><\/i><\/span><div class=\"fusion-li-item-content\">\n<p><a href=\"https:\/\/sanni-foundation.com\/wp-content\/uploads\/2025\/09\/pearls-2017_low-res_sanni.pdf\" target=\"_blank\" rel=\"noopener noreferrer\">\u201eEs ist ein Privileg, helfen zu k\u00f6nnen\u201c \u2013 The Pearls of Switzerland, N\u00b0 1 2017<\/a><\/p>\n<\/div><\/li><li class=\"fusion-li-item\" style=\"\"><span class=\"icon-wrapper circle-no\"><i class=\"fusion-li-icon fa-file-pdf fas\" aria-hidden=\"true\"><\/i><\/span><div class=\"fusion-li-item-content\">\n<p><a href=\"https:\/\/sanni-foundation.com\/wp-content\/uploads\/2025\/09\/biz_20161202_0_0_126.pdf\" target=\"_blank\" rel=\"noopener noreferrer\">\u201eViel f\u00fcr wenig Geld\u201d \u2013 Bilanz 24\/2016<\/a><\/p>\n<\/div><\/li><\/ul><\/div><\/div><div class=\"fusion-layout-column fusion_builder_column fusion-builder-column-2 fusion_builder_column_1_2 1_2 fusion-flex-column\" style=\"--awb-bg-size:cover;--awb-width-large:50%;--awb-margin-top-large:0px;--awb-spacing-right-large:20px;--awb-margin-bottom-large:20px;--awb-spacing-left-large:20px;--awb-width-medium:50%;--awb-order-medium:0;--awb-spacing-right-medium:20px;--awb-spacing-left-medium:20px;--awb-width-small:100%;--awb-order-small:0;--awb-spacing-right-small:20px;--awb-spacing-left-small:20px;\"><div class=\"fusion-column-wrapper fusion-column-has-shadow fusion-flex-justify-content-flex-start fusion-content-layout-column\"><ul style=\"--awb-size:20px;--awb-iconcolor:var(--awb-color5);--awb-line-height:34px;--awb-icon-width:34px;--awb-icon-height:34px;--awb-icon-margin:14px;--awb-content-margin:48px;\" class=\"fusion-checklist fusion-checklist-3 fusion-checklist-default type-icons\"><li class=\"fusion-li-item\" style=\"\"><span class=\"icon-wrapper circle-no\"><i class=\"fusion-li-icon fa-file-pdf fas\" aria-hidden=\"true\"><\/i><\/span><div class=\"fusion-li-item-content\">\n<p><a href=\"https:\/\/sanni-foundation.com\/wp-content\/uploads\/2025\/09\/biz_20161202_0_0_126.pdf\" target=\"_blank\" rel=\"noopener noreferrer\">\u201eViel f\u00fcr wenig Geld\u201d \u2013 Bilanz 24\/2016<\/a><\/p>\n<\/div><\/li><li class=\"fusion-li-item\" style=\"\"><span class=\"icon-wrapper circle-no\"><i class=\"fusion-li-icon fa-file-pdf fas\" aria-hidden=\"true\"><\/i><\/span><div class=\"fusion-li-item-content\">\n<p><a href=\"https:\/\/sanni-foundation.com\/wp-content\/uploads\/2025\/09\/20160602_blick_designerstuecke.pdf\" target=\"_blank\" rel=\"noopener noreferrer\">Unternehmerin Susanne Schroff verkauf Designerst\u00fccke zum Schn\u00e4pchenpreis \u2013 Blick Juni 2016<\/a><\/p>\n<\/div><\/li><li class=\"fusion-li-item\" style=\"\"><span class=\"icon-wrapper circle-no\"><i class=\"fusion-li-icon fa-file-pdf fas\" aria-hidden=\"true\"><\/i><\/span><div class=\"fusion-li-item-content\">\n<p><a href=\"https:\/\/sanni-foundation.com\/wp-content\/uploads\/2025\/09\/bolero_gzd_susanne-schroff.pdf\" target=\"_blank\" rel=\"noopener noreferrer\">G\u00fctige Weltenbummlerin \u2013 Bolero Mai 2015<\/a><\/p>\n<\/div><\/li><li class=\"fusion-li-item\" style=\"\"><span class=\"icon-wrapper circle-no\"><i class=\"fusion-li-icon fa-file-pdf fas\" aria-hidden=\"true\"><\/i><\/span><div class=\"fusion-li-item-content\">\n<p><a href=\"https:\/\/sanni-foundation.com\/wp-content\/uploads\/2025\/09\/artikel_weltwoche_03_15.pdf\" target=\"_blank\" rel=\"noopener noreferrer\">Prada-Jacke f\u00fcr den Hundespaziergang \u2013 Weltwoche M\u00e4rz 2015<\/a><\/p>\n<\/div><\/li><li class=\"fusion-li-item\" style=\"\"><span class=\"icon-wrapper circle-no\"><i class=\"fusion-li-icon fa-file-pdf fas\" aria-hidden=\"true\"><\/i><\/span><div class=\"fusion-li-item-content\">\n<p><a href=\"https:\/\/sanni-foundation.com\/wp-content\/uploads\/2025\/09\/zu_artikel_sanni_foundation-1.pdf\" target=\"_blank\" rel=\"noopener noreferrer\">Designerschn\u00e4ppchen helfen Kindern \u2013 Z\u00fcrcher Unterl\u00e4nder 4. M\u00e4rz 2015<\/a><\/p>\n<\/div><\/li><li class=\"fusion-li-item\" style=\"\"><span class=\"icon-wrapper circle-no\"><i class=\"fusion-li-icon fa-file-pdf fas\" aria-hidden=\"true\"><\/i><\/span><div class=\"fusion-li-item-content\">\n<p><a href=\"https:\/\/sanni-foundation.com\/wp-content\/uploads\/2025\/09\/201501_blick_small.pdf\" target=\"_blank\" rel=\"noopener noreferrer\">Patricia Schmid besucht Burma \u2013 Blick 9. Januar 2015<\/a><\/p>\n<\/div><\/li><li class=\"fusion-li-item\" style=\"\"><span class=\"icon-wrapper circle-no\"><i class=\"fusion-li-icon fa-file-pdf fas\" aria-hidden=\"true\"><\/i><\/span><div class=\"fusion-li-item-content\">\n<p><a href=\"https:\/\/sanni-foundation.com\/wp-content\/uploads\/2025\/09\/september_2014_sentinel_in_the_business_on_the_business_featured_events.pdf\" target=\"_blank\" rel=\"noopener noreferrer\">SENtinel \u2013 Social Engagement Network Newsletter September 2014<\/a><\/p>\n<\/div><\/li><li class=\"fusion-li-item\" style=\"\"><span class=\"icon-wrapper circle-no\"><i class=\"fusion-li-icon fa-file-pdf fas\" aria-hidden=\"true\"><\/i><\/span><div class=\"fusion-li-item-content\">\n<p><a href=\"https:\/\/sanni-foundation.com\/wp-content\/uploads\/2025\/09\/fundraising_im_weinkeller.pdf\" target=\"_blank\" rel=\"noopener noreferrer\">Schwaninger Post, Juli 2014<\/a><\/p>\n<\/div><\/li><li class=\"fusion-li-item\" style=\"\"><span class=\"icon-wrapper circle-no\"><i class=\"fusion-li-icon fa-file-pdf fas\" aria-hidden=\"true\"><\/i><\/span><div class=\"fusion-li-item-content\">\n<p><a href=\"https:\/\/sanni-foundation.com\/wp-content\/uploads\/2025\/09\/wib_04_2014.pdf\" target=\"_blank\" rel=\"noopener noreferrer\">Women in Business, April 2014<\/a><\/p>\n<\/div><\/li><li class=\"fusion-li-item\" style=\"\"><span class=\"icon-wrapper circle-no\"><i class=\"fusion-li-icon fa-file-pdf fas\" aria-hidden=\"true\"><\/i><\/span><div class=\"fusion-li-item-content\">\n<p><a href=\"https:\/\/sanni-foundation.com\/wp-content\/uploads\/2025\/09\/20140707180109.pdf\" target=\"_blank\" rel=\"noopener noreferrer\">BoleroMen 2\/2013<\/a><\/p>\n<\/div><\/li><li class=\"fusion-li-item\" style=\"\"><span class=\"icon-wrapper circle-no\"><i class=\"fusion-li-icon fa-file-pdf fas\" aria-hidden=\"true\"><\/i><\/span><div class=\"fusion-li-item-content\">\n<p><a href=\"https:\/\/sanni-foundation.com\/wp-content\/uploads\/2025\/09\/ladies_drive_das_businessmagazin_fuer_ladies_mit_drive.pdf\" target=\"_blank\" rel=\"noopener noreferrer\">Ladies Drive 2013<\/a><\/p>\n<\/div><\/li><li class=\"fusion-li-item\" style=\"\"><span class=\"icon-wrapper circle-no\"><i class=\"fusion-li-icon fa-file-pdf fas\" aria-hidden=\"true\"><\/i><\/span><div class=\"fusion-li-item-content\">\n<p><a href=\"https:\/\/sanni-foundation.com\/wp-content\/uploads\/2025\/09\/presseartikel-kreisbote-hochalm.pdf\" target=\"_blank\" rel=\"noopener noreferrer\">Presseartikel Kreisbote Hochalm<\/a><\/p>\n<\/div><\/li><li class=\"fusion-li-item\" style=\"\"><span class=\"icon-wrapper circle-no\"><i class=\"fusion-li-icon fa-file-pdf fas\" aria-hidden=\"true\"><\/i><\/span><div class=\"fusion-li-item-content\">\n<p><a href=\"https:\/\/gemeinde-schweiz.ch\/kanton-zuerich\/\" target=\"_blank\" rel=\"noopener noreferrer\">Gemeinde Schweiz Kanton Z\u00fcrich<\/a><\/p>\n<\/div><\/li><\/ul><\/div><\/div><\/div><\/div><\/p>\n","protected":false},"excerpt":{"rendered":"","protected":false},"author":1,"featured_media":6558,"parent":6550,"menu_order":19,"comment_status":"closed","ping_status":"closed","template":"100-width.php","meta":{"_acf_changed":false,"footnotes":""},"class_list":["post-6559","page","type-page","status-publish","has-post-thumbnail","hentry"],"acf":[],"yoast_head":"<!-- This site is optimized with the Yoast SEO plugin v27.5 - https:\/\/yoast.com\/product\/yoast-seo-wordpress\/ -->\n<title>Press - Sanni Foundation<\/title>\n<meta name=\"robots\" content=\"index, follow, max-snippet:-1, max-image-preview:large, max-video-preview:-1\" \/>\n<link rel=\"canonical\" href=\"https:\/\/sanni-foundation.com\/en\/current-events\/press\/\" \/>\n<meta property=\"og:locale\" content=\"en_US\" \/>\n<meta property=\"og:type\" content=\"article\" \/>\n<meta property=\"og:title\" content=\"Press - Sanni Foundation\" \/>\n<meta property=\"og:url\" content=\"https:\/\/sanni-foundation.com\/en\/current-events\/press\/\" \/>\n<meta property=\"og:site_name\" content=\"Sanni Foundation\" \/>\n<meta property=\"article:modified_time\" content=\"2026-04-01T09:05:48+00:00\" \/>\n<meta property=\"og:image\" content=\"https:\/\/sanni-foundation.com\/wp-content\/uploads\/2025\/09\/bild-18-scaled-1.jpg\" \/>\n\t<meta property=\"og:image:width\" content=\"2560\" \/>\n\t<meta property=\"og:image:height\" content=\"1707\" \/>\n\t<meta property=\"og:image:type\" content=\"image\/jpeg\" \/>\n<meta name=\"twitter:card\" content=\"summary_large_image\" \/>\n<meta name=\"twitter:label1\" content=\"Est. reading time\" \/>\n\t<meta name=\"twitter:data1\" content=\"9 minutes\" \/>\n<script type=\"application\/ld+json\" class=\"yoast-schema-graph\">{\"@context\":\"https:\\\/\\\/schema.org\",\"@graph\":[{\"@type\":\"WebPage\",\"@id\":\"https:\\\/\\\/sanni-foundation.com\\\/en\\\/current-events\\\/press\\\/\",\"url\":\"https:\\\/\\\/sanni-foundation.com\\\/en\\\/current-events\\\/press\\\/\",\"name\":\"Press - Sanni Foundation\",\"isPartOf\":{\"@id\":\"https:\\\/\\\/sanni-foundation.com\\\/#website\"},\"primaryImageOfPage\":{\"@id\":\"https:\\\/\\\/sanni-foundation.com\\\/en\\\/current-events\\\/press\\\/#primaryimage\"},\"image\":{\"@id\":\"https:\\\/\\\/sanni-foundation.com\\\/en\\\/current-events\\\/press\\\/#primaryimage\"},\"thumbnailUrl\":\"https:\\\/\\\/sanni-foundation.com\\\/wp-content\\\/uploads\\\/2025\\\/09\\\/bild-18-scaled-1.jpg\",\"datePublished\":\"2025-08-28T14:25:21+00:00\",\"dateModified\":\"2026-04-01T09:05:48+00:00\",\"breadcrumb\":{\"@id\":\"https:\\\/\\\/sanni-foundation.com\\\/en\\\/current-events\\\/press\\\/#breadcrumb\"},\"inLanguage\":\"en-US\",\"potentialAction\":[{\"@type\":\"ReadAction\",\"target\":[\"https:\\\/\\\/sanni-foundation.com\\\/en\\\/current-events\\\/press\\\/\"]}]},{\"@type\":\"ImageObject\",\"inLanguage\":\"en-US\",\"@id\":\"https:\\\/\\\/sanni-foundation.com\\\/en\\\/current-events\\\/press\\\/#primaryimage\",\"url\":\"https:\\\/\\\/sanni-foundation.com\\\/wp-content\\\/uploads\\\/2025\\\/09\\\/bild-18-scaled-1.jpg\",\"contentUrl\":\"https:\\\/\\\/sanni-foundation.com\\\/wp-content\\\/uploads\\\/2025\\\/09\\\/bild-18-scaled-1.jpg\",\"width\":2560,\"height\":1707},{\"@type\":\"BreadcrumbList\",\"@id\":\"https:\\\/\\\/sanni-foundation.com\\\/en\\\/current-events\\\/press\\\/#breadcrumb\",\"itemListElement\":[{\"@type\":\"ListItem\",\"position\":1,\"name\":\"Startseite\",\"item\":\"https:\\\/\\\/sanni-foundation.com\\\/en\\\/\"},{\"@type\":\"ListItem\",\"position\":2,\"name\":\"Current events\",\"item\":\"https:\\\/\\\/sanni-foundation.com\\\/en\\\/current-events\\\/news\\\/\"},{\"@type\":\"ListItem\",\"position\":3,\"name\":\"Press\"}]},{\"@type\":\"WebSite\",\"@id\":\"https:\\\/\\\/sanni-foundation.com\\\/#website\",\"url\":\"https:\\\/\\\/sanni-foundation.com\\\/\",\"name\":\"Sanni Foundation\",\"description\":\"\",\"potentialAction\":[{\"@type\":\"SearchAction\",\"target\":{\"@type\":\"EntryPoint\",\"urlTemplate\":\"https:\\\/\\\/sanni-foundation.com\\\/?s={search_term_string}\"},\"query-input\":{\"@type\":\"PropertyValueSpecification\",\"valueRequired\":true,\"valueName\":\"search_term_string\"}}],\"inLanguage\":\"en-US\"}]}<\/script>\n<!-- \/ Yoast SEO plugin. -->","yoast_head_json":{"title":"Press - Sanni Foundation","robots":{"index":"index","follow":"follow","max-snippet":"max-snippet:-1","max-image-preview":"max-image-preview:large","max-video-preview":"max-video-preview:-1"},"canonical":"https:\/\/sanni-foundation.com\/en\/current-events\/press\/","og_locale":"en_US","og_type":"article","og_title":"Press - Sanni Foundation","og_url":"https:\/\/sanni-foundation.com\/en\/current-events\/press\/","og_site_name":"Sanni Foundation","article_modified_time":"2026-04-01T09:05:48+00:00","og_image":[{"width":2560,"height":1707,"url":"https:\/\/sanni-foundation.com\/wp-content\/uploads\/2025\/09\/bild-18-scaled-1.jpg","type":"image\/jpeg"}],"twitter_card":"summary_large_image","twitter_misc":{"Est. reading time":"9 minutes"},"schema":{"@context":"https:\/\/schema.org","@graph":[{"@type":"WebPage","@id":"https:\/\/sanni-foundation.com\/en\/current-events\/press\/","url":"https:\/\/sanni-foundation.com\/en\/current-events\/press\/","name":"Press - Sanni Foundation","isPartOf":{"@id":"https:\/\/sanni-foundation.com\/#website"},"primaryImageOfPage":{"@id":"https:\/\/sanni-foundation.com\/en\/current-events\/press\/#primaryimage"},"image":{"@id":"https:\/\/sanni-foundation.com\/en\/current-events\/press\/#primaryimage"},"thumbnailUrl":"https:\/\/sanni-foundation.com\/wp-content\/uploads\/2025\/09\/bild-18-scaled-1.jpg","datePublished":"2025-08-28T14:25:21+00:00","dateModified":"2026-04-01T09:05:48+00:00","breadcrumb":{"@id":"https:\/\/sanni-foundation.com\/en\/current-events\/press\/#breadcrumb"},"inLanguage":"en-US","potentialAction":[{"@type":"ReadAction","target":["https:\/\/sanni-foundation.com\/en\/current-events\/press\/"]}]},{"@type":"ImageObject","inLanguage":"en-US","@id":"https:\/\/sanni-foundation.com\/en\/current-events\/press\/#primaryimage","url":"https:\/\/sanni-foundation.com\/wp-content\/uploads\/2025\/09\/bild-18-scaled-1.jpg","contentUrl":"https:\/\/sanni-foundation.com\/wp-content\/uploads\/2025\/09\/bild-18-scaled-1.jpg","width":2560,"height":1707},{"@type":"BreadcrumbList","@id":"https:\/\/sanni-foundation.com\/en\/current-events\/press\/#breadcrumb","itemListElement":[{"@type":"ListItem","position":1,"name":"Startseite","item":"https:\/\/sanni-foundation.com\/en\/"},{"@type":"ListItem","position":2,"name":"Current events","item":"https:\/\/sanni-foundation.com\/en\/current-events\/news\/"},{"@type":"ListItem","position":3,"name":"Press"}]},{"@type":"WebSite","@id":"https:\/\/sanni-foundation.com\/#website","url":"https:\/\/sanni-foundation.com\/","name":"Sanni Foundation","description":"","potentialAction":[{"@type":"SearchAction","target":{"@type":"EntryPoint","urlTemplate":"https:\/\/sanni-foundation.com\/?s={search_term_string}"},"query-input":{"@type":"PropertyValueSpecification","valueRequired":true,"valueName":"search_term_string"}}],"inLanguage":"en-US"}]}},"_links":{"self":[{"href":"https:\/\/sanni-foundation.com\/en\/wp-json\/wp\/v2\/pages\/6559","targetHints":{"allow":["GET"]}}],"collection":[{"href":"https:\/\/sanni-foundation.com\/en\/wp-json\/wp\/v2\/pages"}],"about":[{"href":"https:\/\/sanni-foundation.com\/en\/wp-json\/wp\/v2\/types\/page"}],"author":[{"embeddable":true,"href":"https:\/\/sanni-foundation.com\/en\/wp-json\/wp\/v2\/users\/1"}],"replies":[{"embeddable":true,"href":"https:\/\/sanni-foundation.com\/en\/wp-json\/wp\/v2\/comments?post=6559"}],"version-history":[{"count":3,"href":"https:\/\/sanni-foundation.com\/en\/wp-json\/wp\/v2\/pages\/6559\/revisions"}],"predecessor-version":[{"id":7280,"href":"https:\/\/sanni-foundation.com\/en\/wp-json\/wp\/v2\/pages\/6559\/revisions\/7280"}],"up":[{"embeddable":true,"href":"https:\/\/sanni-foundation.com\/en\/wp-json\/wp\/v2\/pages\/6550"}],"wp:featuredmedia":[{"embeddable":true,"href":"https:\/\/sanni-foundation.com\/en\/wp-json\/wp\/v2\/media\/6558"}],"wp:attachment":[{"href":"https:\/\/sanni-foundation.com\/en\/wp-json\/wp\/v2\/media?parent=6559"}],"curies":[{"name":"wp","href":"https:\/\/api.w.org\/{rel}","templated":true}]}}